{"id":1660,"date":"2020-05-12T13:47:55","date_gmt":"2020-05-12T17:47:55","guid":{"rendered":"https:\/\/www.leryca.com\/?post_type=product&#038;p=1660"},"modified":"2020-05-19T04:25:50","modified_gmt":"2020-05-19T08:25:50","slug":"family-tree-birthstone-necklace-with-rose-gold-plating","status":"publish","type":"product","link":"https:\/\/jocute.com\/de\/product\/family-tree-birthstone-necklace-with-rose-gold-plating\/","title":{"rendered":"Stammbaum-Geburtsstein-Halskette mit Ros\u00e9vergoldung"},"content":{"rendered":"<p>Celebrate your heritage with&nbsp;family tree necklaces&nbsp;&ndash; the perfect gift for mom, grandma, or any other jewelry lover on your list! Our&nbsp;&lt;b&gt;Stammbaum-Geburtsstein-Halskette mit Ros&eacute;vergoldung&lt;\/b&gt;&nbsp;is an exquisite example, with plenty of unique options for personalization.<\/p>\n<p>Es gibt viel Platz, um gravierte Namen auf dem Baum selbst anzuzeigen, und Sie k\u00f6nnen f\u00fcr jeden Namen einen entsprechenden Geburtsstein ausw\u00e4hlen, der eine besondere, funkelnde Note f\u00fcr einen wirklich einzigartigen Look hinzuf\u00fcgt. Diese Halskette ist zwar h\u00fcbsch und sentimental, aber auch vielseitig genug, um sie mit einem ihrer Lieblingsoutfits zu kombinieren.<\/p>\n<p>Made with&nbsp;&lt;b&gt;18k Rose Gold Plating over 0.925 Sterling Silver&lt;\/b&gt;, it hangs from an&nbsp;&lt;b&gt;18k Rose Gold Plated Bead Chain&lt;\/b&gt;. This sophisticated favorite is also available in your choice of&nbsp;Sterling Silver,&nbsp;18k Gold Platingand&nbsp;10K Solid Gold.<\/p>","protected":false},"excerpt":{"rendered":"<p>Celebrate your heritage with\u00a0family tree necklaces\u00a0\u2013 the perfect gift for mom, grandma, or any other jewelry lover on your list! Our\u00a0&lt;b&gt;Family Tree Birthstone Necklace with Rose Gold Plating&lt;\/b&gt;\u00a0is an exquisite example, with plenty of unique options for personalization. There\u2019s plenty of room to display engraved names on the tree itself, plus you can select a [&#8230;]\n","protected":false},"featured_media":1664,"comment_status":"open","ping_status":"closed","template":"","meta":[],"product_brand":[],"product_cat":[96,95,86,78],"product_tag":[],"class_list":{"0":"post-1660","1":"product","2":"type-product","3":"status-publish","4":"has-post-thumbnail","6":"product_cat-discs-circles","7":"product_cat-gifts-for-grandmother","8":"product_cat-gifts-for-mom","9":"product_cat-moms-necklaces","10":"tm-has-options","12":"first","13":"instock","14":"sale","15":"shipping-taxable","16":"purchasable","17":"product-type-simple"},"_links":{"self":[{"href":"https:\/\/jocute.com\/de\/wp-json\/wp\/v2\/product\/1660","targetHints":{"allow":["GET"]}}],"collection":[{"href":"https:\/\/jocute.com\/de\/wp-json\/wp\/v2\/product"}],"about":[{"href":"https:\/\/jocute.com\/de\/wp-json\/wp\/v2\/types\/product"}],"replies":[{"embeddable":true,"href":"https:\/\/jocute.com\/de\/wp-json\/wp\/v2\/comments?post=1660"}],"wp:featuredmedia":[{"embeddable":true,"href":"https:\/\/jocute.com\/de\/wp-json\/wp\/v2\/media\/1664"}],"wp:attachment":[{"href":"https:\/\/jocute.com\/de\/wp-json\/wp\/v2\/media?parent=1660"}],"wp:term":[{"taxonomy":"product_brand","embeddable":true,"href":"https:\/\/jocute.com\/de\/wp-json\/wp\/v2\/product_brand?post=1660"},{"taxonomy":"product_cat","embeddable":true,"href":"https:\/\/jocute.com\/de\/wp-json\/wp\/v2\/product_cat?post=1660"},{"taxonomy":"product_tag","embeddable":true,"href":"https:\/\/jocute.com\/de\/wp-json\/wp\/v2\/product_tag?post=1660"}],"curies":[{"name":"wp","href":"https:\/\/api.w.org\/{rel}","templated":true}]}}