{"id":754,"date":"2018-11-09T16:07:00","date_gmt":"2018-11-09T21:07:00","guid":{"rendered":"https:\/\/www.leryca.com\/product\/personalized-3d-heart-necklace-with-gold-plating\/"},"modified":"2020-05-19T04:40:07","modified_gmt":"2020-05-19T08:40:07","slug":"personalized-3d-heart-necklace-with-gold-plating","status":"publish","type":"product","link":"https:\/\/jocute.com\/de\/product\/personalized-3d-heart-necklace-with-gold-plating\/","title":{"rendered":"Personalisierte 3D-Herzkette mit Vergoldung"},"content":{"rendered":"<p>F\u00fcgen Sie Ihrer Schmuckschatulle mit jocute-gravierbaren Halsketten etwas ganz Besonderes hinzu. Es gibt eine Vielzahl wundersch\u00f6ner Designs, die mit einem Namen, zwei Namen oder sogar inspirierenden W\u00f6rtern, die Sie lieben, angepasst werden k\u00f6nnen. jocute bietet erschwinglichen gravierbaren Schmuck, der die Bank nicht sprengt. Dar\u00fcber hinaus sind diese St\u00fccke sehr nachdenkliche und gesch\u00e4tzte Geschenke f\u00fcr Freunde und Familie. Geben Sie sie jemandem, der Geburtstag, Abschlussfeier, Babyparty oder Jubil\u00e4um feiert. Die Oberfl\u00e4chen sind wundersch\u00f6n poliert, so dass der Glanz, der von ihnen ausgeht, sehr intensiv ist. Es gibt alles von kreisf\u00f6rmigen Anh\u00e4nger-Halsketten und Doppelstangen-Halsketten bis hin zu Fu\u00dfabdruck-Halsketten und Kinder-Charm-Halsketten.<\/p>","protected":false},"excerpt":{"rendered":"<p>Add something extra special to your jewelry box with jocute engravable necklaces. There are a plethora of gorgeous designs that can be customized with a name, two names, or even inspirational words that you love. jocute provides affordable engravable jewelry that won\u2019t break the bank. In addition, these pieces make for very thoughtful and appreciated [&#8230;]\n","protected":false},"featured_media":755,"comment_status":"open","ping_status":"closed","template":"","meta":[],"product_brand":[],"product_cat":[82,92,86,94,78,84],"product_tag":[],"class_list":{"0":"post-754","1":"product","2":"type-product","3":"status-publish","4":"has-post-thumbnail","6":"product_cat-18k-gold-plated","7":"product_cat-3d-jewelry","8":"product_cat-gifts-for-mom","9":"product_cat-heart-necklace","10":"product_cat-moms-necklaces","11":"product_cat-new-arrivals","12":"tm-has-options","14":"first","15":"instock","16":"sale","17":"shipping-taxable","18":"purchasable","19":"product-type-simple"},"_links":{"self":[{"href":"https:\/\/jocute.com\/de\/wp-json\/wp\/v2\/product\/754","targetHints":{"allow":["GET"]}}],"collection":[{"href":"https:\/\/jocute.com\/de\/wp-json\/wp\/v2\/product"}],"about":[{"href":"https:\/\/jocute.com\/de\/wp-json\/wp\/v2\/types\/product"}],"replies":[{"embeddable":true,"href":"https:\/\/jocute.com\/de\/wp-json\/wp\/v2\/comments?post=754"}],"wp:featuredmedia":[{"embeddable":true,"href":"https:\/\/jocute.com\/de\/wp-json\/wp\/v2\/media\/755"}],"wp:attachment":[{"href":"https:\/\/jocute.com\/de\/wp-json\/wp\/v2\/media?parent=754"}],"wp:term":[{"taxonomy":"product_brand","embeddable":true,"href":"https:\/\/jocute.com\/de\/wp-json\/wp\/v2\/product_brand?post=754"},{"taxonomy":"product_cat","embeddable":true,"href":"https:\/\/jocute.com\/de\/wp-json\/wp\/v2\/product_cat?post=754"},{"taxonomy":"product_tag","embeddable":true,"href":"https:\/\/jocute.com\/de\/wp-json\/wp\/v2\/product_tag?post=754"}],"curies":[{"name":"wp","href":"https:\/\/api.w.org\/{rel}","templated":true}]}}