{"id":916,"date":"2018-11-10T05:43:00","date_gmt":"2018-11-10T10:43:00","guid":{"rendered":"https:\/\/www.leryca.com\/product\/classic-solitaire-sparkle-ring-with-accented-infinity-band\/"},"modified":"2020-05-19T04:31:30","modified_gmt":"2020-05-19T08:31:30","slug":"classic-solitaire-sparkle-ring-with-accented-infinity-band","status":"publish","type":"product","link":"https:\/\/jocute.com\/de\/product\/classic-solitaire-sparkle-ring-with-accented-infinity-band\/","title":{"rendered":"Klassischer Solitaire Sparkle Ring mit akzentuiertem Infinity Band"},"content":{"rendered":"<p>Ob ein Versprechen zwischen Freunden oder ein Versprechen in einer romantischen Beziehung, Jocute bietet eine gro\u00dfe Auswahl an hochwertigen Versprechensringen, die sich hervorragend dazu eignen, eine besondere Bindung und Hingabe zu zeigen. Die Oberfl\u00e4chen wurden wundersch\u00f6n poliert, so dass der Glanz, der von ihnen ausgeht, stark und brillant ist. Einige dieser Modelle wurden sogar mit hochwertigen Kristallen f\u00fcr einen zus\u00e4tzlichen Glanz versehen. F\u00fcr diejenigen, die ma\u00dfgeschneiderten Schmuck lieben, gibt es gravierbare Ringoptionen. Gravieren Sie sie mit Namen, speziellen W\u00f6rtern und allem anderen, was Ihre Gruppe m\u00f6chte. Versprechensringe sind auch sch\u00f6ne Verlobungsringe f\u00fcr diejenigen, die zierliche und elegante Designs lieben, die zur\u00fcckhaltend sind.<\/p>","protected":false},"excerpt":{"rendered":"<p>Whether a promise between friends or a promise in a romantic relationship, jocute has a great assortment of high-quality promise rings that are great for showing a special bond and devotion. The surfaces have been beautifully polished so that the shine that comes off of them is strong and brilliant. Some of these styles have [&#8230;]\n","protected":false},"featured_media":917,"comment_status":"open","ping_status":"closed","template":"","meta":[],"product_brand":[],"product_cat":[105,106,86,108,107,81],"product_tag":[],"class_list":{"0":"post-916","1":"product","2":"type-product","3":"status-publish","4":"has-post-thumbnail","6":"product_cat-birthstone-rings","7":"product_cat-engagement-rings","8":"product_cat-gifts-for-mom","9":"product_cat-mothers-rings","10":"product_cat-promise-rings","11":"product_cat-sterling-silver","12":"tm-has-options","14":"first","15":"instock","16":"sale","17":"shipping-taxable","18":"purchasable","19":"product-type-simple"},"_links":{"self":[{"href":"https:\/\/jocute.com\/de\/wp-json\/wp\/v2\/product\/916","targetHints":{"allow":["GET"]}}],"collection":[{"href":"https:\/\/jocute.com\/de\/wp-json\/wp\/v2\/product"}],"about":[{"href":"https:\/\/jocute.com\/de\/wp-json\/wp\/v2\/types\/product"}],"replies":[{"embeddable":true,"href":"https:\/\/jocute.com\/de\/wp-json\/wp\/v2\/comments?post=916"}],"wp:featuredmedia":[{"embeddable":true,"href":"https:\/\/jocute.com\/de\/wp-json\/wp\/v2\/media\/917"}],"wp:attachment":[{"href":"https:\/\/jocute.com\/de\/wp-json\/wp\/v2\/media?parent=916"}],"wp:term":[{"taxonomy":"product_brand","embeddable":true,"href":"https:\/\/jocute.com\/de\/wp-json\/wp\/v2\/product_brand?post=916"},{"taxonomy":"product_cat","embeddable":true,"href":"https:\/\/jocute.com\/de\/wp-json\/wp\/v2\/product_cat?post=916"},{"taxonomy":"product_tag","embeddable":true,"href":"https:\/\/jocute.com\/de\/wp-json\/wp\/v2\/product_tag?post=916"}],"curies":[{"name":"wp","href":"https:\/\/api.w.org\/{rel}","templated":true}]}}