{"id":1655,"date":"2020-05-12T13:45:21","date_gmt":"2020-05-12T17:45:21","guid":{"rendered":"https:\/\/www.leryca.com\/?post_type=product&#038;p=1655"},"modified":"2020-05-19T04:26:02","modified_gmt":"2020-05-19T08:26:02","slug":"family-tree-birthstone-necklace-18k-gold-plated","status":"publish","type":"product","link":"https:\/\/jocute.com\/es\/product\/family-tree-birthstone-necklace-18k-gold-plated\/","title":{"rendered":"Collar de piedra natal del \u00e1rbol geneal\u00f3gico - Chapado en oro de 18 k"},"content":{"rendered":"<p>Exhiba con orgullo y elegancia a su familia con uno de nuestros collares de \u00e1rbol geneal\u00f3gico m\u00e1s populares. Nuestro collar de piedras natales de \u00e1rbol geneal\u00f3gico - Chapado en oro de 18k puede acomodar varios nombres y puede dise\u00f1arse con 1-7 piedras de nacimiento.<\/p>\n<p>Haga coincidir los nombres grabados con sus piedras de nacimiento espec\u00edficas o simplemente elija los colores de piedra que cree que se ven mejor en usted o en el destinatario de este regalo reflexivo.<\/p>\n<p>Este collar familiar de piedra de nacimiento est\u00e1 hecho de chapado en oro de 18k sobre plata esterlina 0.925 y cuelga de una cadena de cuentas chapadas en oro de 18k.<\/p>\n<p>Eche un vistazo a todos nuestros estilos, incluido este en su elecci\u00f3n de plata esterlina, ba\u00f1o de oro rosa de 18k o oro macizo de 10K.<\/p>","protected":false},"excerpt":{"rendered":"<p>Proudly and elegantly display your family with one of our most popular\u00a0Family tree necklaces. Our Family Tree Birthstone Necklace \u2013 18k Gold Plated can accommodate multiple names and can be designed with 1-7 birthstones. Match the engraved names to their specific birthstones or simply choose the stone colors that you think look the best on [&#8230;]\n","protected":false},"featured_media":1656,"comment_status":"open","ping_status":"closed","template":"","meta":[],"product_brand":[],"product_cat":[96,95,86],"product_tag":[],"class_list":{"0":"post-1655","1":"product","2":"type-product","3":"status-publish","4":"has-post-thumbnail","6":"product_cat-discs-circles","7":"product_cat-gifts-for-grandmother","8":"product_cat-gifts-for-mom","9":"tm-has-options","11":"first","12":"instock","13":"sale","14":"shipping-taxable","15":"purchasable","16":"product-type-simple"},"_links":{"self":[{"href":"https:\/\/jocute.com\/es\/wp-json\/wp\/v2\/product\/1655","targetHints":{"allow":["GET"]}}],"collection":[{"href":"https:\/\/jocute.com\/es\/wp-json\/wp\/v2\/product"}],"about":[{"href":"https:\/\/jocute.com\/es\/wp-json\/wp\/v2\/types\/product"}],"replies":[{"embeddable":true,"href":"https:\/\/jocute.com\/es\/wp-json\/wp\/v2\/comments?post=1655"}],"wp:featuredmedia":[{"embeddable":true,"href":"https:\/\/jocute.com\/es\/wp-json\/wp\/v2\/media\/1656"}],"wp:attachment":[{"href":"https:\/\/jocute.com\/es\/wp-json\/wp\/v2\/media?parent=1655"}],"wp:term":[{"taxonomy":"product_brand","embeddable":true,"href":"https:\/\/jocute.com\/es\/wp-json\/wp\/v2\/product_brand?post=1655"},{"taxonomy":"product_cat","embeddable":true,"href":"https:\/\/jocute.com\/es\/wp-json\/wp\/v2\/product_cat?post=1655"},{"taxonomy":"product_tag","embeddable":true,"href":"https:\/\/jocute.com\/es\/wp-json\/wp\/v2\/product_tag?post=1655"}],"curies":[{"name":"wp","href":"https:\/\/api.w.org\/{rel}","templated":true}]}}