{"id":1758,"date":"2020-05-14T09:43:03","date_gmt":"2020-05-14T13:43:03","guid":{"rendered":"https:\/\/www.leryca.com\/?post_type=product&#038;p=1758"},"modified":"2021-11-26T01:03:26","modified_gmt":"2021-11-26T05:03:26","slug":"heart-engraved-necklace-with-custom-birthstone-family-gift-rose-gold-plated","status":"publish","type":"product","link":"https:\/\/jocute.com\/es\/product\/heart-engraved-necklace-with-custom-birthstone-family-gift-rose-gold-plated\/","title":{"rendered":"Collar grabado con coraz\u00f3n con piedra de nacimiento personalizada Regalo familiar Chapado en oro rosa"},"content":{"rendered":"<p>Agregue algo extra especial a su joyero con los collares grabables oficiales Name Name. Hay una gran cantidad de dise\u00f1os magn\u00edficos que se pueden personalizar con un nombre, dos nombres o incluso palabras inspiradoras que te encanten. Name Necklace Official ofrece joyas grabables asequibles que no arruinar\u00e1n el banco. Adem\u00e1s, estas piezas son un regalo muy atento y apreciado para amigos y familiares. D\u00e9selos a alguien que celebra un cumplea\u00f1os, graduaci\u00f3n, baby shower o aniversario. Los acabados est\u00e1n bellamente pulidos para que el brillo que sale de ellos sea muy intenso. Hay de todo, desde collares colgantes circulares y collares de barra doble hasta collares con huellas y collares con dijes para ni\u00f1os.<\/p>","protected":false},"excerpt":{"rendered":"<p>Add something extra special to your jewelry box with Name Necklace Official engravable necklaces. There are a plethora of gorgeous designs that can be customized with a name, two names, or even inspirational words that you love. Name Necklace Official provides affordable engravable jewelry that won&#8217;t break the bank. In addition, these pieces make for [&#8230;]\n","protected":false},"featured_media":1750,"comment_status":"open","ping_status":"closed","template":"","meta":[],"product_brand":[],"product_cat":[83,86,78],"product_tag":[],"class_list":{"0":"post-1758","1":"product","2":"type-product","3":"status-publish","4":"has-post-thumbnail","6":"product_cat-18k-rose-gold","7":"product_cat-gifts-for-mom","8":"product_cat-moms-necklaces","9":"tm-has-options","11":"first","12":"instock","13":"sale","14":"shipping-taxable","15":"purchasable","16":"product-type-simple"},"_links":{"self":[{"href":"https:\/\/jocute.com\/es\/wp-json\/wp\/v2\/product\/1758","targetHints":{"allow":["GET"]}}],"collection":[{"href":"https:\/\/jocute.com\/es\/wp-json\/wp\/v2\/product"}],"about":[{"href":"https:\/\/jocute.com\/es\/wp-json\/wp\/v2\/types\/product"}],"replies":[{"embeddable":true,"href":"https:\/\/jocute.com\/es\/wp-json\/wp\/v2\/comments?post=1758"}],"wp:featuredmedia":[{"embeddable":true,"href":"https:\/\/jocute.com\/es\/wp-json\/wp\/v2\/media\/1750"}],"wp:attachment":[{"href":"https:\/\/jocute.com\/es\/wp-json\/wp\/v2\/media?parent=1758"}],"wp:term":[{"taxonomy":"product_brand","embeddable":true,"href":"https:\/\/jocute.com\/es\/wp-json\/wp\/v2\/product_brand?post=1758"},{"taxonomy":"product_cat","embeddable":true,"href":"https:\/\/jocute.com\/es\/wp-json\/wp\/v2\/product_cat?post=1758"},{"taxonomy":"product_tag","embeddable":true,"href":"https:\/\/jocute.com\/es\/wp-json\/wp\/v2\/product_tag?post=1758"}],"curies":[{"name":"wp","href":"https:\/\/api.w.org\/{rel}","templated":true}]}}