{"id":636,"date":"2018-11-09T15:14:00","date_gmt":"2018-11-09T20:14:00","guid":{"rendered":"https:\/\/www.leryca.com\/product\/true-love-couples-heart-necklace-with-engraving-rose-gold-plated\/"},"modified":"2020-05-19T04:32:34","modified_gmt":"2020-05-19T08:32:34","slug":"true-love-couples-heart-necklace-with-engraving-rose-gold-plated","status":"publish","type":"product","link":"https:\/\/jocute.com\/es\/product\/true-love-couples-heart-necklace-with-engraving-rose-gold-plated\/","title":{"rendered":"Collar de coraz\u00f3n &quot;Parejas de amor verdadero&quot; con grabado chapado en oro rosa"},"content":{"rendered":"<p>Agregue algo extra especial a su joyero con collares grabables jocute. Hay una gran cantidad de dise\u00f1os magn\u00edficos que se pueden personalizar con un nombre, dos nombres o incluso palabras inspiradoras que te encanten. Jocute ofrece joyas grabables asequibles que no rompen el banco. Adem\u00e1s, estas piezas son un regalo muy atento y apreciado para amigos y familiares. D\u00e9selos a alguien que celebra un cumplea\u00f1os, graduaci\u00f3n, baby shower o aniversario. Los acabados est\u00e1n bellamente pulidos para que el brillo que sale de ellos sea muy intenso. Hay de todo, desde collares colgantes circulares y collares de barra doble hasta collares con huellas y collares con dijes para ni\u00f1os.<\/p>","protected":false},"excerpt":{"rendered":"<p>Add something extra special to your jewelry box with jocute engravable necklaces. There are a plethora of gorgeous designs that can be customized with a name, two names, or even inspirational words that you love. jocute provides affordable engravable jewelry that won\u2019t break the bank. In addition, these pieces make for very thoughtful and appreciated [&#8230;]\n","protected":false},"featured_media":637,"comment_status":"open","ping_status":"closed","template":"","meta":[],"product_brand":[],"product_cat":[83,90,85,94,78],"product_tag":[],"class_list":{"0":"post-636","1":"product","2":"type-product","3":"status-publish","4":"has-post-thumbnail","6":"product_cat-18k-rose-gold","7":"product_cat-gifts-for-couples","8":"product_cat-gifts-for-your-love","9":"product_cat-heart-necklace","10":"product_cat-moms-necklaces","11":"tm-has-options","13":"first","14":"instock","15":"sale","16":"shipping-taxable","17":"purchasable","18":"product-type-simple"},"_links":{"self":[{"href":"https:\/\/jocute.com\/es\/wp-json\/wp\/v2\/product\/636","targetHints":{"allow":["GET"]}}],"collection":[{"href":"https:\/\/jocute.com\/es\/wp-json\/wp\/v2\/product"}],"about":[{"href":"https:\/\/jocute.com\/es\/wp-json\/wp\/v2\/types\/product"}],"replies":[{"embeddable":true,"href":"https:\/\/jocute.com\/es\/wp-json\/wp\/v2\/comments?post=636"}],"wp:featuredmedia":[{"embeddable":true,"href":"https:\/\/jocute.com\/es\/wp-json\/wp\/v2\/media\/637"}],"wp:attachment":[{"href":"https:\/\/jocute.com\/es\/wp-json\/wp\/v2\/media?parent=636"}],"wp:term":[{"taxonomy":"product_brand","embeddable":true,"href":"https:\/\/jocute.com\/es\/wp-json\/wp\/v2\/product_brand?post=636"},{"taxonomy":"product_cat","embeddable":true,"href":"https:\/\/jocute.com\/es\/wp-json\/wp\/v2\/product_cat?post=636"},{"taxonomy":"product_tag","embeddable":true,"href":"https:\/\/jocute.com\/es\/wp-json\/wp\/v2\/product_tag?post=636"}],"curies":[{"name":"wp","href":"https:\/\/api.w.org\/{rel}","templated":true}]}}