{"id":636,"date":"2018-11-09T15:14:00","date_gmt":"2018-11-09T20:14:00","guid":{"rendered":"https:\/\/www.leryca.com\/product\/true-love-couples-heart-necklace-with-engraving-rose-gold-plated\/"},"modified":"2020-05-19T04:32:34","modified_gmt":"2020-05-19T08:32:34","slug":"true-love-couples-heart-necklace-with-engraving-rose-gold-plated","status":"publish","type":"product","link":"https:\/\/jocute.com\/fr\/product\/true-love-couples-heart-necklace-with-engraving-rose-gold-plated\/","title":{"rendered":"&quot;True Love&quot; Collier Coeur Couples Avec Gravure Plaqu\u00e9 Or Rose"},"content":{"rendered":"<p>Ajoutez quelque chose de sp\u00e9cial \u00e0 votre bo\u00eete \u00e0 bijoux avec des colliers \u00e0 graver jocute. Il existe une multitude de designs magnifiques qui peuvent \u00eatre personnalis\u00e9s avec un nom, deux noms ou m\u00eame des mots inspirants que vous aimez. jocute fournit des bijoux \u00e0 graver abordables qui ne casseront pas la banque. De plus, ces pi\u00e8ces sont des cadeaux tr\u00e8s r\u00e9fl\u00e9chis et appr\u00e9ci\u00e9s pour les amis et la famille. Donnez-les \u00e0 quelqu&#039;un qui c\u00e9l\u00e8bre un anniversaire, un dipl\u00f4me, une f\u00eate de naissance ou un anniversaire. Les finitions sont magnifiquement polies de sorte que la brillance qui s&#039;en d\u00e9gage est tr\u00e8s intense. Il y a tout, des colliers \u00e0 pendentif circulaire et des colliers \u00e0 double barre aux colliers \u00e0 empreinte et aux colliers de charme pour enfants.<\/p>","protected":false},"excerpt":{"rendered":"<p>Add something extra special to your jewelry box with jocute engravable necklaces. There are a plethora of gorgeous designs that can be customized with a name, two names, or even inspirational words that you love. jocute provides affordable engravable jewelry that won\u2019t break the bank. In addition, these pieces make for very thoughtful and appreciated [&#8230;]\n","protected":false},"featured_media":637,"comment_status":"open","ping_status":"closed","template":"","meta":[],"product_brand":[],"product_cat":[83,90,85,94,78],"product_tag":[],"class_list":{"0":"post-636","1":"product","2":"type-product","3":"status-publish","4":"has-post-thumbnail","6":"product_cat-18k-rose-gold","7":"product_cat-gifts-for-couples","8":"product_cat-gifts-for-your-love","9":"product_cat-heart-necklace","10":"product_cat-moms-necklaces","11":"tm-has-options","13":"first","14":"instock","15":"sale","16":"shipping-taxable","17":"purchasable","18":"product-type-simple"},"_links":{"self":[{"href":"https:\/\/jocute.com\/fr\/wp-json\/wp\/v2\/product\/636","targetHints":{"allow":["GET"]}}],"collection":[{"href":"https:\/\/jocute.com\/fr\/wp-json\/wp\/v2\/product"}],"about":[{"href":"https:\/\/jocute.com\/fr\/wp-json\/wp\/v2\/types\/product"}],"replies":[{"embeddable":true,"href":"https:\/\/jocute.com\/fr\/wp-json\/wp\/v2\/comments?post=636"}],"wp:featuredmedia":[{"embeddable":true,"href":"https:\/\/jocute.com\/fr\/wp-json\/wp\/v2\/media\/637"}],"wp:attachment":[{"href":"https:\/\/jocute.com\/fr\/wp-json\/wp\/v2\/media?parent=636"}],"wp:term":[{"taxonomy":"product_brand","embeddable":true,"href":"https:\/\/jocute.com\/fr\/wp-json\/wp\/v2\/product_brand?post=636"},{"taxonomy":"product_cat","embeddable":true,"href":"https:\/\/jocute.com\/fr\/wp-json\/wp\/v2\/product_cat?post=636"},{"taxonomy":"product_tag","embeddable":true,"href":"https:\/\/jocute.com\/fr\/wp-json\/wp\/v2\/product_tag?post=636"}],"curies":[{"name":"wp","href":"https:\/\/api.w.org\/{rel}","templated":true}]}}