{"id":1655,"date":"2020-05-12T13:45:21","date_gmt":"2020-05-12T17:45:21","guid":{"rendered":"https:\/\/www.leryca.com\/?post_type=product&#038;p=1655"},"modified":"2020-05-19T04:26:02","modified_gmt":"2020-05-19T08:26:02","slug":"family-tree-birthstone-necklace-18k-gold-plated","status":"publish","type":"product","link":"https:\/\/jocute.com\/it\/product\/family-tree-birthstone-necklace-18k-gold-plated\/","title":{"rendered":"Collana Birthstone dell&#039;albero genealogico - Placcato in oro 18k"},"content":{"rendered":"<p>Mostra con orgoglio ed eleganza la tua famiglia con una delle nostre pi\u00f9 famose collane di alberi genealogici. La nostra collana Birthstone dell&#039;albero genealogico - placcata in oro 18k pu\u00f2 ospitare pi\u00f9 nomi e pu\u00f2 essere progettata con 1-7 pietre di nascita.<\/p>\n<p>Abbina i nomi incisi alle loro pietre miliari specifiche o semplicemente scegli i colori delle pietre che ritieni siano i migliori per te o per il destinatario di questo regalo premuroso.<\/p>\n<p>Questa collana di pietra di nascita di famiglia \u00e8 realizzata con placcatura in oro 18k su argento sterling 0,925 e appesa a una catena di perline placcata in oro 18k.<\/p>\n<p>Scopri tutti i nostri stili tra cui questo nella tua scelta di argento sterling, placcatura in oro rosa 18 carati o oro massiccio 10 carati.<\/p>","protected":false},"excerpt":{"rendered":"<p>Proudly and elegantly display your family with one of our most popular\u00a0Family tree necklaces. Our Family Tree Birthstone Necklace \u2013 18k Gold Plated can accommodate multiple names and can be designed with 1-7 birthstones. Match the engraved names to their specific birthstones or simply choose the stone colors that you think look the best on [&#8230;]\n","protected":false},"featured_media":1656,"comment_status":"open","ping_status":"closed","template":"","meta":[],"product_brand":[],"product_cat":[96,95,86],"product_tag":[],"class_list":{"0":"post-1655","1":"product","2":"type-product","3":"status-publish","4":"has-post-thumbnail","6":"product_cat-discs-circles","7":"product_cat-gifts-for-grandmother","8":"product_cat-gifts-for-mom","9":"tm-has-options","11":"first","12":"instock","13":"sale","14":"shipping-taxable","15":"purchasable","16":"product-type-simple"},"_links":{"self":[{"href":"https:\/\/jocute.com\/it\/wp-json\/wp\/v2\/product\/1655","targetHints":{"allow":["GET"]}}],"collection":[{"href":"https:\/\/jocute.com\/it\/wp-json\/wp\/v2\/product"}],"about":[{"href":"https:\/\/jocute.com\/it\/wp-json\/wp\/v2\/types\/product"}],"replies":[{"embeddable":true,"href":"https:\/\/jocute.com\/it\/wp-json\/wp\/v2\/comments?post=1655"}],"wp:featuredmedia":[{"embeddable":true,"href":"https:\/\/jocute.com\/it\/wp-json\/wp\/v2\/media\/1656"}],"wp:attachment":[{"href":"https:\/\/jocute.com\/it\/wp-json\/wp\/v2\/media?parent=1655"}],"wp:term":[{"taxonomy":"product_brand","embeddable":true,"href":"https:\/\/jocute.com\/it\/wp-json\/wp\/v2\/product_brand?post=1655"},{"taxonomy":"product_cat","embeddable":true,"href":"https:\/\/jocute.com\/it\/wp-json\/wp\/v2\/product_cat?post=1655"},{"taxonomy":"product_tag","embeddable":true,"href":"https:\/\/jocute.com\/it\/wp-json\/wp\/v2\/product_tag?post=1655"}],"curies":[{"name":"wp","href":"https:\/\/api.w.org\/{rel}","templated":true}]}}